{"id":8,"date":"2018-11-21T10:32:05","date_gmt":"2018-11-21T09:32:05","guid":{"rendered":"http:\/\/www.adamecinterier.com\/?page_id=8"},"modified":"2019-10-28T22:29:44","modified_gmt":"2019-10-28T21:29:44","slug":"domu","status":"publish","type":"page","link":"https:\/\/www.adamecinterier.com\/","title":{"rendered":"V\u00edtejte"},"content":{"rendered":"<p><strong>Jsme truhl\u00e1\u0159sk\u00e1 firma specializuj\u00edc\u00ed se na design a v\u00fdrobu interi\u00e9r\u016f kuchy\u0148sk\u00fdch, kancel\u00e1\u0159sk\u00fdch, ale tak\u00e9 obchodn\u00edch za\u0159\u00edzen\u00ed.<\/strong><\/p>\n<p>Na\u0161\u00ed specializac\u00ed je v\u00fdroba kuchy\u0148sk\u00fdch linek v\u010detn\u011b dod\u00e1n\u00ed el. spot\u0159ebi\u010d\u016f a to voln\u011b stoj\u00edc\u00edch i vestavn\u00fdch. Nab\u00edz\u00edme v\u00fdrobu n\u00e1bytku z mnoha materi\u00e1l\u016f nap\u0159. melaminovan\u00fdch d\u0159evot\u0159\u00edskov\u00fdch desek, lakovan\u00fdch MDF desek, kompaktn\u00edch a HPL desek, ale i masivn\u00edho d\u0159eva.<\/p>\n","protected":false},"excerpt":{"rendered":"<p>Jsme truhl\u00e1\u0159sk\u00e1 firma specializuj\u00edc\u00ed se na design a v\u00fdrobu interi\u00e9r\u016f kuchy\u0148sk\u00fdch, kancel\u00e1\u0159sk\u00fdch, ale tak\u00e9 obchodn\u00edch za\u0159\u00edzen\u00ed. Na\u0161\u00ed specializac\u00ed je v\u00fdroba kuchy\u0148sk\u00fdch linek v\u010detn\u011b dod\u00e1n\u00ed el. spot\u0159ebi\u010d\u016f a to voln\u011b stoj\u00edc\u00edch i vestavn\u00fdch. Nab\u00edz\u00edme v\u00fdrobu n\u00e1bytku z mnoha materi\u00e1l\u016f nap\u0159. melaminovan\u00fdch d\u0159evot\u0159\u00edskov\u00fdch desek, lakovan\u00fdch MDF desek, kompaktn\u00edch a HPL desek, ale i masivn\u00edho d\u0159eva.<\/p>\n","protected":false},"author":1,"featured_media":0,"parent":0,"menu_order":0,"comment_status":"closed","ping_status":"closed","template":"","meta":{"ngg_post_thumbnail":0,"footnotes":""},"_links":{"self":[{"href":"https:\/\/www.adamecinterier.com\/index.php\/wp-json\/wp\/v2\/pages\/8"}],"collection":[{"href":"https:\/\/www.adamecinterier.com\/index.php\/wp-json\/wp\/v2\/pages"}],"about":[{"href":"https:\/\/www.adamecinterier.com\/index.php\/wp-json\/wp\/v2\/types\/page"}],"author":[{"embeddable":true,"href":"https:\/\/www.adamecinterier.com\/index.php\/wp-json\/wp\/v2\/users\/1"}],"replies":[{"embeddable":true,"href":"https:\/\/www.adamecinterier.com\/index.php\/wp-json\/wp\/v2\/comments?post=8"}],"version-history":[{"count":5,"href":"https:\/\/www.adamecinterier.com\/index.php\/wp-json\/wp\/v2\/pages\/8\/revisions"}],"predecessor-version":[{"id":82,"href":"https:\/\/www.adamecinterier.com\/index.php\/wp-json\/wp\/v2\/pages\/8\/revisions\/82"}],"wp:attachment":[{"href":"https:\/\/www.adamecinterier.com\/index.php\/wp-json\/wp\/v2\/media?parent=8"}],"curies":[{"name":"wp","href":"https:\/\/api.w.org\/{rel}","templated":true}]}}