{"id":9,"date":"2018-11-21T10:32:05","date_gmt":"2018-11-21T09:32:05","guid":{"rendered":"http:\/\/www.adamecinterier.com\/?page_id=9"},"modified":"2019-01-23T18:59:35","modified_gmt":"2019-01-23T17:59:35","slug":"o-nas","status":"publish","type":"page","link":"https:\/\/www.adamecinterier.com\/index.php\/o-nas\/","title":{"rendered":"O n\u00e1s"},"content":{"rendered":"<p>Jsme truhl\u00e1\u0159sk\u00e1 firma specializuj\u00edc\u00ed se na design a v\u00fdrobu interi\u00e9r\u016f kuchy\u0148sk\u00fdch, kancel\u00e1\u0159sk\u00fdch, ale tak\u00e9 obchodn\u00edch za\u0159\u00edzen\u00ed.<br \/>\nFirma vznikla v roce 2001. Do dne\u0161n\u00ed doby st\u00e1le zdokonalujeme a neust\u00e1le modernizujeme v\u00fdrobu, abychom udr\u017eeli na\u0161e v\u00fdrobky na \u0161pi\u010dce. Na\u0161e dlouholet\u00e9 zku\u0161enosti a osobn\u00ed p\u0159\u00edstup stoj\u00ed za \u0159adou spokojen\u00fdch z\u00e1kazn\u00edk\u016f.<\/p>\n<p>Na\u0161\u00ed specializac\u00ed je v\u0161ak v\u00fdroba kuchy\u0148sk\u00fdch linek v\u010detn\u011b dod\u00e1vky el. spot\u0159ebi\u010d\u016f a to voln\u011b stoj\u00edc\u00edch i vestavn\u00fdch.<br \/>\nDal\u0161\u00edm na\u0161\u00edm zam\u011b\u0159en\u00edm jsou vestavn\u00e9 sk\u0159\u00edn\u011b p\u0159eds\u00edn\u011b \u0161atny.<\/p>\n<p>N\u00e1bytek vyr\u00e1b\u00edme z mnoha r\u016fzn\u00fdch materi\u00e1l\u016f na p\u0159\u00e1n\u00ed z\u00e1kazn\u00edka nap\u0159. melaminovan\u00fdch d\u0159evot\u0159\u00edskov\u00fdch desek, lakovan\u00fdch MDF, kompaktn\u00edch desek, HPL dekora\u010dn\u00edch kovolamin\u00e1t\u016f, ale i masivn\u00edho d\u0159eva. Velk\u00fd d\u016fraz klademe na detail, proto vol\u00edme dopl\u0148ky a kov\u00e1n\u00ed p\u0159edn\u00edch v\u00fdrobc\u016f jako jsou firmy Blum, Hettich, Hafelle nebo Kesenbergr Grass.<\/p>\n<p>Design cel\u00e9ho interieru V\u00e1m po zam\u011b\u0159en\u00ed navrhneme a uk\u00e1\u017eeme na 3D modelu na PC.<br \/>\nSou\u010d\u00e1st\u00ed n\u00e1vrhu interi\u00e9ru jsou v\u017edy 3D vizualizace, kter\u00e9 umo\u017en\u00ed klientovi uvid\u011bt budouc\u00ed stav prostoru je\u0161t\u011b p\u0159ed vlastn\u00ed realizac\u00ed.<br \/>\nVizualizace umo\u017en\u00ed vyzkou\u0161et r\u016fzn\u00e9 varianty \u0159e\u0161en\u00ed prostoru \u2013 barvy a materi\u00e1ly povrch\u016f, za\u0159\u00edzen\u00ed, osv\u011btlen\u00ed apod\u2026<br \/>\nK navrhov\u00e1n\u00ed vizualizace pou\u017e\u00edv\u00e1me profesion\u00e1ln\u00ed software PRO 100. Slou\u017e\u00ed k projektov\u00e1n\u00ed a n\u00e1vrhu 3D s okam\u017eitou kvalitn\u00ed vizualizac\u00ed.<br \/>\nD\u00e1le disponujeme dopl\u0148kov\u00fdm modulem KRAY render pro je\u0161t\u011b kvalitn\u011bj\u0161\u00ed vizualizaci metodou ray tracig &#8211; v p\u0159ekladu sledov\u00e1n\u00ed paprsk\u016f ke generov\u00e1n\u00ed fotorealistick\u00e9 vizualizace v trojrozm\u011brn\u00e9 sc\u00e9n\u011b v re\u00e1ln\u00e9m prostoru s neb\u00fdvalou p\u0159esnost\u00ed a kvalitou.<br \/>\nDle p\u0159\u00e1n\u00ed m\u016f\u017eeme vygenerovat panorama 360 z KRAY render.<\/p>\n<p>V na\u0161\u00ed fotogalerii si m\u016f\u017eete prohl\u00e9dnout \u010d\u00e1st na\u0161\u00ed v\u00fdroby. Obs\u00e1hnout cel\u00e9 spektrum nen\u00ed bohu\u017eel kv\u016fli kapacit\u011b a \u010dasov\u00e9 n\u00e1ro\u010dnosti mo\u017en\u00e9.<\/p>\n<p>&nbsp;<\/p>\n","protected":false},"excerpt":{"rendered":"<p>Jsme truhl\u00e1\u0159sk\u00e1 firma specializuj\u00edc\u00ed se na design a v\u00fdrobu interi\u00e9r\u016f kuchy\u0148sk\u00fdch, kancel\u00e1\u0159sk\u00fdch, ale tak\u00e9 obchodn\u00edch za\u0159\u00edzen\u00ed. Firma vznikla v roce 2001. Do dne\u0161n\u00ed doby st\u00e1le zdokonalujeme a neust\u00e1le modernizujeme v\u00fdrobu, abychom udr\u017eeli na\u0161e v\u00fdrobky na \u0161pi\u010dce. Na\u0161e dlouholet\u00e9 zku\u0161enosti a osobn\u00ed p\u0159\u00edstup stoj\u00ed za \u0159adou spokojen\u00fdch z\u00e1kazn\u00edk\u016f. Na\u0161\u00ed specializac\u00ed je v\u0161ak v\u00fdroba kuchy\u0148sk\u00fdch linek v\u010detn\u011b &hellip; <\/p>\n<p class=\"link-more\"><a href=\"https:\/\/www.adamecinterier.com\/index.php\/o-nas\/\" class=\"more-link\">Pokra\u010dovat ve \u010dten\u00ed<span class=\"screen-reader-text\"> &#8222;O n\u00e1s&#8220;<\/span><\/a><\/p>\n","protected":false},"author":1,"featured_media":42,"parent":0,"menu_order":0,"comment_status":"closed","ping_status":"closed","template":"","meta":{"ngg_post_thumbnail":0,"footnotes":""},"_links":{"self":[{"href":"https:\/\/www.adamecinterier.com\/index.php\/wp-json\/wp\/v2\/pages\/9"}],"collection":[{"href":"https:\/\/www.adamecinterier.com\/index.php\/wp-json\/wp\/v2\/pages"}],"about":[{"href":"https:\/\/www.adamecinterier.com\/index.php\/wp-json\/wp\/v2\/types\/page"}],"author":[{"embeddable":true,"href":"https:\/\/www.adamecinterier.com\/index.php\/wp-json\/wp\/v2\/users\/1"}],"replies":[{"embeddable":true,"href":"https:\/\/www.adamecinterier.com\/index.php\/wp-json\/wp\/v2\/comments?post=9"}],"version-history":[{"count":3,"href":"https:\/\/www.adamecinterier.com\/index.php\/wp-json\/wp\/v2\/pages\/9\/revisions"}],"predecessor-version":[{"id":80,"href":"https:\/\/www.adamecinterier.com\/index.php\/wp-json\/wp\/v2\/pages\/9\/revisions\/80"}],"wp:featuredmedia":[{"embeddable":true,"href":"https:\/\/www.adamecinterier.com\/index.php\/wp-json\/wp\/v2\/media\/42"}],"wp:attachment":[{"href":"https:\/\/www.adamecinterier.com\/index.php\/wp-json\/wp\/v2\/media?parent=9"}],"curies":[{"name":"wp","href":"https:\/\/api.w.org\/{rel}","templated":true}]}}